{"id":26300,"date":"2024-08-14T12:18:48","date_gmt":"2024-08-14T10:18:48","guid":{"rendered":"https:\/\/www.lesmierz.edu.pl\/?page_id=26300"},"modified":"2024-08-14T12:34:33","modified_gmt":"2024-08-14T10:34:33","slug":"som-standardow-ochrony-maloletnich","status":"publish","type":"page","link":"https:\/\/www.lesmierz.edu.pl\/?page_id=26300","title":{"rendered":"SOM- Standardy Ochrony Ma\u0142oletnich"},"content":{"rendered":"\n<p class=\"has-medium-font-size\"><strong>OCHRONA PRZED KRZYWDZENIEM DZIECI I M\u0141ODZIE\u017bY W NASZEJ SZKOLE<\/strong><\/p>\n\n\n\n<p class=\"has-medium-font-size\">Drodzy Uczniowie,<\/p>\n\n\n\n<p>W naszej szkole obowi\u0105zuj\u0105 Standardy Ochrony Ma\u0142oletnich \u2013 s\u0105 to regulacje wewn\u0105trzszkolne, kt\u00f3rych celem jest zapewnienie Wam ochrony przed krzywdzeniem. W Standardach Ochrony Ma\u0142oletnich odnajdziecie informacje na temat m.in.:<\/p>\n\n\n\n<ul class=\"wp-block-list\">\n<li>zachowa\u0144, kt\u00f3re w naszej szkole s\u0105 nieakceptowalne zar\u00f3wno w\u015br\u00f3d uczni\u00f3w jak i na linii nauczyciel-ucze\u0144,<\/li>\n\n\n\n<li>reakcji szko\u0142y, gdy pojawi\u0105 si\u0119 ww. zachowania nieakceptowalne,<\/li>\n\n\n\n<li>reakcji szko\u0142y, gdy pracownik szko\u0142y powe\u017amie informacj\u0119, \u017ce kt\u00f3ry\u015b z uczni\u00f3w jest krzywdzony poza szko\u0142\u0105.<\/li>\n<\/ul>\n\n\n\n<p class=\"has-vivid-red-color has-text-color has-link-color wp-elements-da2a5e1a39668175e72a334ec58a946c\"><strong>Poni\u017cej zamieszczamy napisany w prostej formie wypis z &#8220;Polityki ochrony ma\u0142oletnich&#8221;, kt\u00f3ra jest cz\u0119\u015bci\u0105 Standard\u00f3w Ochrony Ma\u0142oletnich:<\/strong><\/p>\n\n\n\n<div class=\"wp-block-file\"><a id=\"wp-block-file--media-a1b64010-73a0-4b9c-8a3a-c0c7b3c005fe\" href=\"https:\/\/www.lesmierz.edu.pl\/wp-content\/uploads\/2024\/08\/Co-jest-przemoca.pdf\" target=\"_blank\" rel=\"noreferrer noopener\">Co jest przemoc\u0105?<\/a><a href=\"https:\/\/www.lesmierz.edu.pl\/wp-content\/uploads\/2024\/08\/Co-jest-przemoca.pdf\" class=\"wp-block-file__button wp-element-button\" download aria-describedby=\"wp-block-file--media-a1b64010-73a0-4b9c-8a3a-c0c7b3c005fe\">Pobierz<\/a><\/div>\n\n\n\n<div class=\"wp-block-file\"><a id=\"wp-block-file--media-89d56022-c6b0-4dac-b4eb-aad8e5b954b3\" href=\"https:\/\/www.lesmierz.edu.pl\/wp-content\/uploads\/2024\/08\/Zasady-bezpiecznych-relacji-miedzy-dziecmi.pdf\" target=\"_blank\" rel=\"noreferrer noopener\">Zasady bezpiecznych relacji mi\u0119dzy dzie\u0107mi<\/a><a href=\"https:\/\/www.lesmierz.edu.pl\/wp-content\/uploads\/2024\/08\/Zasady-bezpiecznych-relacji-miedzy-dziecmi.pdf\" class=\"wp-block-file__button wp-element-button\" download aria-describedby=\"wp-block-file--media-89d56022-c6b0-4dac-b4eb-aad8e5b954b3\">Pobierz<\/a><\/div>\n\n\n\n<div class=\"wp-block-file\"><a id=\"wp-block-file--media-d754676d-6d18-4675-8366-53022ee3fe60\" href=\"https:\/\/www.lesmierz.edu.pl\/wp-content\/uploads\/2024\/08\/Zasady-bezpiecznych-relacji-dorosly\u2013-dziecko.pdf\" target=\"_blank\" rel=\"noreferrer noopener\">Zasady bezpiecznych relacji doros\u0142y\u2013 dziecko<\/a><a href=\"https:\/\/www.lesmierz.edu.pl\/wp-content\/uploads\/2024\/08\/Zasady-bezpiecznych-relacji-dorosly\u2013-dziecko.pdf\" class=\"wp-block-file__button wp-element-button\" download aria-describedby=\"wp-block-file--media-d754676d-6d18-4675-8366-53022ee3fe60\">Pobierz<\/a><\/div>\n\n\n\n<div class=\"wp-block-file\"><a id=\"wp-block-file--media-a8ff04b7-6890-4859-b922-4605934efd15\" href=\"https:\/\/www.lesmierz.edu.pl\/wp-content\/uploads\/2024\/08\/Sposoby-postepowania-w-przypadku-doznania-aktow-krzywdzenia.pdf\" target=\"_blank\" rel=\"noreferrer noopener\">Sposoby post\u0119powania w przypadku doznania akt\u00f3w krzywdzenia<\/a><a href=\"https:\/\/www.lesmierz.edu.pl\/wp-content\/uploads\/2024\/08\/Sposoby-postepowania-w-przypadku-doznania-aktow-krzywdzenia.pdf\" class=\"wp-block-file__button wp-element-button\" download aria-describedby=\"wp-block-file--media-a8ff04b7-6890-4859-b922-4605934efd15\">Pobierz<\/a><\/div>\n\n\n\n<div class=\"wp-block-file\"><a id=\"wp-block-file--media-f977bb1f-be7b-4853-9b32-72587e6a6608\" href=\"https:\/\/www.lesmierz.edu.pl\/wp-content\/uploads\/2024\/08\/Wykaz-numerow-telefonow-pod-ktorymi-rowniez-znajdziesz-wsparcie.pdf\" target=\"_blank\" rel=\"noreferrer noopener\">Wykaz numer\u00f3w telefon\u00f3w, pod kt\u00f3rymi r\u00f3wnie\u017c znajdziesz wsparcie<\/a><a href=\"https:\/\/www.lesmierz.edu.pl\/wp-content\/uploads\/2024\/08\/Wykaz-numerow-telefonow-pod-ktorymi-rowniez-znajdziesz-wsparcie.pdf\" class=\"wp-block-file__button wp-element-button\" download aria-describedby=\"wp-block-file--media-f977bb1f-be7b-4853-9b32-72587e6a6608\">Pobierz<\/a><\/div>\n\n\n\n<p>Wszyscy zainteresowani mog\u0105 zapozna\u0107 si\u0119 z dokumentami w pe\u0142nej wersji:<\/p>\n\n\n\n<div class=\"wp-block-file\"><a id=\"wp-block-file--media-5fc45bf5-64c2-46be-ba04-3ac887113ca6\" href=\"https:\/\/www.lesmierz.edu.pl\/wp-content\/uploads\/2024\/08\/STANDARDY-OCHRONY-MALOLETNICH.pdf\" target=\"_blank\" rel=\"noreferrer noopener\">STANDARDY OCHRONY MA\u0141OLETNICH<\/a><a href=\"https:\/\/www.lesmierz.edu.pl\/wp-content\/uploads\/2024\/08\/STANDARDY-OCHRONY-MALOLETNICH.pdf\" class=\"wp-block-file__button wp-element-button\" download aria-describedby=\"wp-block-file--media-5fc45bf5-64c2-46be-ba04-3ac887113ca6\">Pobierz<\/a><\/div>\n\n\n\n<div class=\"wp-block-file\"><a id=\"wp-block-file--media-48825f47-f7e8-4185-b006-f74cd2695a7b\" href=\"https:\/\/www.lesmierz.edu.pl\/wp-content\/uploads\/2024\/08\/POLITYKA-OCHRONY-DZIECI.pdf\" target=\"_blank\" rel=\"noreferrer noopener\">POLITYKA OCHRONY DZIECI<\/a><a href=\"https:\/\/www.lesmierz.edu.pl\/wp-content\/uploads\/2024\/08\/POLITYKA-OCHRONY-DZIECI.pdf\" class=\"wp-block-file__button wp-element-button\" download aria-describedby=\"wp-block-file--media-48825f47-f7e8-4185-b006-f74cd2695a7b\">Pobierz<\/a><\/div>\n","protected":false},"excerpt":{"rendered":"<p>OCHRONA PRZED KRZYWDZENIEM DZIECI I M\u0141ODZIE\u017bY W NASZEJ SZKOLE Drodzy Uczniowie, W naszej szkole obowi\u0105zuj\u0105 Standardy Ochrony Ma\u0142oletnich \u2013 s\u0105 to regulacje wewn\u0105trzszkolne, kt\u00f3rych celem jest zapewnienie Wam ochrony przed <a href=\"https:\/\/www.lesmierz.edu.pl\/?page_id=26300\" class=\"read-more\">wi\u0119cej &#8230;<\/a><\/p>\n","protected":false},"author":1,"featured_media":0,"parent":0,"menu_order":0,"comment_status":"closed","ping_status":"closed","template":"","meta":{"ngg_post_thumbnail":0,"footnotes":""},"class_list":["post-26300","page","type-page","status-publish","hentry"],"_links":{"self":[{"href":"https:\/\/www.lesmierz.edu.pl\/index.php?rest_route=\/wp\/v2\/pages\/26300","targetHints":{"allow":["GET"]}}],"collection":[{"href":"https:\/\/www.lesmierz.edu.pl\/index.php?rest_route=\/wp\/v2\/pages"}],"about":[{"href":"https:\/\/www.lesmierz.edu.pl\/index.php?rest_route=\/wp\/v2\/types\/page"}],"author":[{"embeddable":true,"href":"https:\/\/www.lesmierz.edu.pl\/index.php?rest_route=\/wp\/v2\/users\/1"}],"replies":[{"embeddable":true,"href":"https:\/\/www.lesmierz.edu.pl\/index.php?rest_route=%2Fwp%2Fv2%2Fcomments&post=26300"}],"version-history":[{"count":9,"href":"https:\/\/www.lesmierz.edu.pl\/index.php?rest_route=\/wp\/v2\/pages\/26300\/revisions"}],"predecessor-version":[{"id":26323,"href":"https:\/\/www.lesmierz.edu.pl\/index.php?rest_route=\/wp\/v2\/pages\/26300\/revisions\/26323"}],"wp:attachment":[{"href":"https:\/\/www.lesmierz.edu.pl\/index.php?rest_route=%2Fwp%2Fv2%2Fmedia&parent=26300"}],"curies":[{"name":"wp","href":"https:\/\/api.w.org\/{rel}","templated":true}]}}