{"id":23575,"date":"2023-10-23T20:49:56","date_gmt":"2023-10-23T18:49:56","guid":{"rendered":"https:\/\/www.lesmierz.edu.pl\/?page_id=23575"},"modified":"2023-10-23T21:05:51","modified_gmt":"2023-10-23T19:05:51","slug":"l-a-p-t-o-p-d-l-a-u-c-z-n-i-a","status":"publish","type":"page","link":"https:\/\/www.lesmierz.edu.pl\/?page_id=23575","title":{"rendered":"Laptop dla ucznia"},"content":{"rendered":"\n<p><\/p>\n\n\n\n\n\n<div class=\"su-posts su-posts-default-loop \">\n\n\t\n\t\t\t\t\t\n\t\t\t\n\t\t\t<div id=\"su-post-23633\" class=\"su-post \">\n\n\t\t\t\t\t\t\t\t\t<a class=\"su-post-thumbnail\" href=\"https:\/\/www.lesmierz.edu.pl\/?p=23633\"><img loading=\"lazy\" decoding=\"async\" width=\"1080\" height=\"1081\" src=\"https:\/\/www.lesmierz.edu.pl\/wp-content\/uploads\/2023\/10\/Facebook_1080x1080_.png\" class=\"attachment-post-thumbnail size-post-thumbnail wp-post-image\" alt=\"\" srcset=\"https:\/\/www.lesmierz.edu.pl\/wp-content\/uploads\/2023\/10\/Facebook_1080x1080_.png 1080w, https:\/\/www.lesmierz.edu.pl\/wp-content\/uploads\/2023\/10\/Facebook_1080x1080_-300x300.png 300w, https:\/\/www.lesmierz.edu.pl\/wp-content\/uploads\/2023\/10\/Facebook_1080x1080_-1024x1024.png 1024w, https:\/\/www.lesmierz.edu.pl\/wp-content\/uploads\/2023\/10\/Facebook_1080x1080_-150x150.png 150w, https:\/\/www.lesmierz.edu.pl\/wp-content\/uploads\/2023\/10\/Facebook_1080x1080_-768x769.png 768w, https:\/\/www.lesmierz.edu.pl\/wp-content\/uploads\/2023\/10\/Facebook_1080x1080_-270x270.png 270w, https:\/\/www.lesmierz.edu.pl\/wp-content\/uploads\/2023\/10\/Facebook_1080x1080_-375x375.png 375w\" sizes=\"auto, (max-width: 1080px) 100vw, 1080px\" \/><\/a>\n\t\t\t\t\n\t\t\t\t<h2 class=\"su-post-title\"><a href=\"https:\/\/www.lesmierz.edu.pl\/?p=23633\">Czy czwartoklasi\u015bci, kt\u00f3rzy otrzymali komputery w ramach programu dla dzieci by\u0142ych pracownik\u00f3w PGR otrzymaj\u0105 drugi komputer?<\/a><\/h2>\n\n\t\t\t\t<div class=\"su-post-meta\">\n\t\t\t\t\tOpublikowano: 30 pa\u017adziernika 2023\t\t\t\t<\/div>\n\n\t\t\t\t<div class=\"su-post-excerpt\">\n\t\t\t\t\t<p>Zgodnie z zapisami ustawy o wsparciu rozwoju kompetencji cyfrowych uczni\u00f3w i nauczycieli, co roku uczniowie rozpoczynaj\u0105cy IV klas\u0119 szko\u0142y podstawowej b\u0119d\u0105 otrzymywali laptopy. Je\u015bli ucze\u0144 posiada ju\u017c sprz\u0119t przekazany w <a href=\"https:\/\/www.lesmierz.edu.pl\/?p=23633\" class=\"read-more\">wi\u0119cej &#8230;<\/a><\/p>\n\t\t\t\t<\/div>\n\n\t\t\t\t\n\t\t\t<\/div>\n\n\t\t\t\t\t\n\t\t\t\n\t\t\t<div id=\"su-post-23571\" class=\"su-post \">\n\n\t\t\t\t\t\t\t\t\t<a class=\"su-post-thumbnail\" href=\"https:\/\/www.lesmierz.edu.pl\/?p=23571\"><img loading=\"lazy\" decoding=\"async\" width=\"1080\" height=\"1081\" src=\"https:\/\/www.lesmierz.edu.pl\/wp-content\/uploads\/2023\/10\/Facebook_1080x1080_.png\" class=\"attachment-post-thumbnail size-post-thumbnail wp-post-image\" alt=\"\" srcset=\"https:\/\/www.lesmierz.edu.pl\/wp-content\/uploads\/2023\/10\/Facebook_1080x1080_.png 1080w, https:\/\/www.lesmierz.edu.pl\/wp-content\/uploads\/2023\/10\/Facebook_1080x1080_-300x300.png 300w, https:\/\/www.lesmierz.edu.pl\/wp-content\/uploads\/2023\/10\/Facebook_1080x1080_-1024x1024.png 1024w, https:\/\/www.lesmierz.edu.pl\/wp-content\/uploads\/2023\/10\/Facebook_1080x1080_-150x150.png 150w, https:\/\/www.lesmierz.edu.pl\/wp-content\/uploads\/2023\/10\/Facebook_1080x1080_-768x769.png 768w, https:\/\/www.lesmierz.edu.pl\/wp-content\/uploads\/2023\/10\/Facebook_1080x1080_-270x270.png 270w, https:\/\/www.lesmierz.edu.pl\/wp-content\/uploads\/2023\/10\/Facebook_1080x1080_-375x375.png 375w\" sizes=\"auto, (max-width: 1080px) 100vw, 1080px\" \/><\/a>\n\t\t\t\t\n\t\t\t\t<h2 class=\"su-post-title\"><a href=\"https:\/\/www.lesmierz.edu.pl\/?p=23571\">Laptopy dla uczni\u00f3w klasy 4<\/a><\/h2>\n\n\t\t\t\t<div class=\"su-post-meta\">\n\t\t\t\t\tOpublikowano: 23 pa\u017adziernika 2023\t\t\t\t<\/div>\n\n\t\t\t\t<div class=\"su-post-excerpt\">\n\t\t\t\t\t<p>Szanowni Pa\u0144stwo. W tym tygodniu planuj\u0119 przekaza\u0107 rodzicom uczni\u00f3w klas czwartych sprz\u0119t dostarczony z programu \u201eLaptop dla ucznia\u201d, w ramach kt\u00f3rego ka\u017cdy czwartoklasista w Polsce otrzyma bezp\u0142atnie laptopa \u2013 nowoczesny, <a href=\"https:\/\/www.lesmierz.edu.pl\/?p=23571\" class=\"read-more\">wi\u0119cej &#8230;<\/a><\/p>\n\t\t\t\t<\/div>\n\n\t\t\t\t\n\t\t\t<\/div>\n\n\t\t\n\t\n<\/div>\n\n","protected":false},"excerpt":{"rendered":"","protected":false},"author":1,"featured_media":0,"parent":0,"menu_order":0,"comment_status":"closed","ping_status":"closed","template":"","meta":{"ngg_post_thumbnail":0,"footnotes":""},"class_list":["post-23575","page","type-page","status-publish","hentry"],"_links":{"self":[{"href":"https:\/\/www.lesmierz.edu.pl\/index.php?rest_route=\/wp\/v2\/pages\/23575","targetHints":{"allow":["GET"]}}],"collection":[{"href":"https:\/\/www.lesmierz.edu.pl\/index.php?rest_route=\/wp\/v2\/pages"}],"about":[{"href":"https:\/\/www.lesmierz.edu.pl\/index.php?rest_route=\/wp\/v2\/types\/page"}],"author":[{"embeddable":true,"href":"https:\/\/www.lesmierz.edu.pl\/index.php?rest_route=\/wp\/v2\/users\/1"}],"replies":[{"embeddable":true,"href":"https:\/\/www.lesmierz.edu.pl\/index.php?rest_route=%2Fwp%2Fv2%2Fcomments&post=23575"}],"version-history":[{"count":12,"href":"https:\/\/www.lesmierz.edu.pl\/index.php?rest_route=\/wp\/v2\/pages\/23575\/revisions"}],"predecessor-version":[{"id":23594,"href":"https:\/\/www.lesmierz.edu.pl\/index.php?rest_route=\/wp\/v2\/pages\/23575\/revisions\/23594"}],"wp:attachment":[{"href":"https:\/\/www.lesmierz.edu.pl\/index.php?rest_route=%2Fwp%2Fv2%2Fmedia&parent=23575"}],"curies":[{"name":"wp","href":"https:\/\/api.w.org\/{rel}","templated":true}]}}