{"id":22503,"date":"2023-05-31T12:33:46","date_gmt":"2023-05-31T10:33:46","guid":{"rendered":"https:\/\/www.lesmierz.edu.pl\/?page_id=22503"},"modified":"2023-10-23T20:56:39","modified_gmt":"2023-10-23T18:56:39","slug":"strona-patrycji","status":"publish","type":"page","link":"https:\/\/www.lesmierz.edu.pl\/?page_id=22503","title":{"rendered":"PPP &#8211; Porady Psycholog Patrycji"},"content":{"rendered":"\n\n\n<div class=\"su-posts su-posts-default-loop \">\n\n\t\n\t\t\t\t\t\n\t\t\t\n\t\t\t<div id=\"su-post-30978\" class=\"su-post \">\n\n\t\t\t\t\t\t\t\t\t<a class=\"su-post-thumbnail\" href=\"https:\/\/www.lesmierz.edu.pl\/?p=30978\"><img loading=\"lazy\" decoding=\"async\" width=\"1280\" height=\"853\" src=\"https:\/\/www.lesmierz.edu.pl\/wp-content\/uploads\/2025\/12\/ceramics-7250708_1280.jpg\" class=\"attachment-post-thumbnail size-post-thumbnail wp-post-image\" alt=\"\" srcset=\"https:\/\/www.lesmierz.edu.pl\/wp-content\/uploads\/2025\/12\/ceramics-7250708_1280.jpg 1280w, https:\/\/www.lesmierz.edu.pl\/wp-content\/uploads\/2025\/12\/ceramics-7250708_1280-300x200.jpg 300w, https:\/\/www.lesmierz.edu.pl\/wp-content\/uploads\/2025\/12\/ceramics-7250708_1280-1024x682.jpg 1024w, https:\/\/www.lesmierz.edu.pl\/wp-content\/uploads\/2025\/12\/ceramics-7250708_1280-768x512.jpg 768w, https:\/\/www.lesmierz.edu.pl\/wp-content\/uploads\/2025\/12\/ceramics-7250708_1280-360x240.jpg 360w, https:\/\/www.lesmierz.edu.pl\/wp-content\/uploads\/2025\/12\/ceramics-7250708_1280-272x182.jpg 272w, https:\/\/www.lesmierz.edu.pl\/wp-content\/uploads\/2025\/12\/ceramics-7250708_1280-720x480.jpg 720w\" sizes=\"auto, (max-width: 1280px) 100vw, 1280px\" \/><\/a>\n\t\t\t\t\n\t\t\t\t<h2 class=\"su-post-title\"><a href=\"https:\/\/www.lesmierz.edu.pl\/?p=30978\">Tw\u00f3rczo\u015b\u0107 jako droga do lepszego rozumienia siebie i innych<\/a><\/h2>\n\n\t\t\t\t<div class=\"su-post-meta\">\n\t\t\t\t\tOpublikowano: 17 grudnia 2025\t\t\t\t<\/div>\n\n\t\t\t\t<div class=\"su-post-excerpt\">\n\t\t\t\t\t<p>W naszej szkole prowadzone s\u0105 cykliczne Treningi Umiej\u0119tno\u015bci Spo\u0142ecznych (TUS), kt\u00f3rych celem jest wspieranie uczni\u00f3w w rozwoju kompetencji emocjonalnych i spo\u0142ecznych. Zaj\u0119cia te pomagaj\u0105 m\u0142odym ludziom lepiej radzi\u0107 sobie z <a href=\"https:\/\/www.lesmierz.edu.pl\/?p=30978\" class=\"read-more\">wi\u0119cej &#8230;<\/a><\/p>\n\t\t\t\t<\/div>\n\n\t\t\t\t\n\t\t\t<\/div>\n\n\t\t\t\t\t\n\t\t\t\n\t\t\t<div id=\"su-post-30392\" class=\"su-post \">\n\n\t\t\t\t\t\t\t\t\t<a class=\"su-post-thumbnail\" href=\"https:\/\/www.lesmierz.edu.pl\/?p=30392\"><img loading=\"lazy\" decoding=\"async\" width=\"1420\" height=\"799\" src=\"https:\/\/www.lesmierz.edu.pl\/wp-content\/uploads\/2025\/11\/20251001_telefon_nauczyciele-1-scaled-1.webp\" class=\"attachment-post-thumbnail size-post-thumbnail wp-post-image\" alt=\"\" srcset=\"https:\/\/www.lesmierz.edu.pl\/wp-content\/uploads\/2025\/11\/20251001_telefon_nauczyciele-1-scaled-1.webp 1420w, https:\/\/www.lesmierz.edu.pl\/wp-content\/uploads\/2025\/11\/20251001_telefon_nauczyciele-1-scaled-1-300x169.webp 300w, https:\/\/www.lesmierz.edu.pl\/wp-content\/uploads\/2025\/11\/20251001_telefon_nauczyciele-1-scaled-1-1024x576.webp 1024w, https:\/\/www.lesmierz.edu.pl\/wp-content\/uploads\/2025\/11\/20251001_telefon_nauczyciele-1-scaled-1-768x432.webp 768w, https:\/\/www.lesmierz.edu.pl\/wp-content\/uploads\/2025\/11\/20251001_telefon_nauczyciele-1-scaled-1-360x203.webp 360w\" sizes=\"auto, (max-width: 1420px) 100vw, 1420px\" \/><\/a>\n\t\t\t\t\n\t\t\t\t<h2 class=\"su-post-title\"><a href=\"https:\/\/www.lesmierz.edu.pl\/?p=30392\">Wsparcie dla nauczycieli \u2013 bezp\u0142atny telefon zaufania Fundacji Twarze Depresji<\/a><\/h2>\n\n\t\t\t\t<div class=\"su-post-meta\">\n\t\t\t\t\tOpublikowano: 12 listopada 2025\t\t\t\t<\/div>\n\n\t\t\t\t<div class=\"su-post-excerpt\">\n\t\t\t\t\t<p>Zaw\u00f3d nauczyciela to ogromna odpowiedzialno\u015b\u0107, ale te\u017c codzienne wyzwania emocjonalne. Nauczycielki i nauczyciele cz\u0119sto mierz\u0105 si\u0119 z przeci\u0105\u017ceniem obowi\u0105zkami, stresem, brakiem wsparcia systemowego oraz niskimi zarobkami, kt\u00f3re zmuszaj\u0105 wielu z <a href=\"https:\/\/www.lesmierz.edu.pl\/?p=30392\" class=\"read-more\">wi\u0119cej &#8230;<\/a><\/p>\n\t\t\t\t<\/div>\n\n\t\t\t\t\n\t\t\t<\/div>\n\n\t\t\t\t\t\n\t\t\t\n\t\t\t<div id=\"su-post-30177\" class=\"su-post \">\n\n\t\t\t\t\t\t\t\t\t<a class=\"su-post-thumbnail\" href=\"https:\/\/www.lesmierz.edu.pl\/?p=30177\"><img loading=\"lazy\" decoding=\"async\" width=\"1024\" height=\"1024\" src=\"https:\/\/www.lesmierz.edu.pl\/wp-content\/uploads\/2025\/10\/Gemini_Generated_Image_8cxqwc8cxqwc8cxq.png\" class=\"attachment-post-thumbnail size-post-thumbnail wp-post-image\" alt=\"\" srcset=\"https:\/\/www.lesmierz.edu.pl\/wp-content\/uploads\/2025\/10\/Gemini_Generated_Image_8cxqwc8cxqwc8cxq.png 1024w, https:\/\/www.lesmierz.edu.pl\/wp-content\/uploads\/2025\/10\/Gemini_Generated_Image_8cxqwc8cxqwc8cxq-300x300.png 300w, https:\/\/www.lesmierz.edu.pl\/wp-content\/uploads\/2025\/10\/Gemini_Generated_Image_8cxqwc8cxqwc8cxq-150x150.png 150w, https:\/\/www.lesmierz.edu.pl\/wp-content\/uploads\/2025\/10\/Gemini_Generated_Image_8cxqwc8cxqwc8cxq-768x768.png 768w, https:\/\/www.lesmierz.edu.pl\/wp-content\/uploads\/2025\/10\/Gemini_Generated_Image_8cxqwc8cxqwc8cxq-270x270.png 270w, https:\/\/www.lesmierz.edu.pl\/wp-content\/uploads\/2025\/10\/Gemini_Generated_Image_8cxqwc8cxqwc8cxq-375x375.png 375w\" sizes=\"auto, (max-width: 1024px) 100vw, 1024px\" \/><\/a>\n\t\t\t\t\n\t\t\t\t<h2 class=\"su-post-title\"><a href=\"https:\/\/www.lesmierz.edu.pl\/?p=30177\">Jak rozmawia\u0107 z dzie\u0107mi o \u015bmierci i \u017ca\u0142obie? \u2013 refleksje przed 1 listopada<\/a><\/h2>\n\n\t\t\t\t<div class=\"su-post-meta\">\n\t\t\t\t\tOpublikowano: 29 pa\u017adziernika 2025\t\t\t\t<\/div>\n\n\t\t\t\t<div class=\"su-post-excerpt\">\n\t\t\t\t\t<p>Zbli\u017caj\u0105cy si\u0119 1 listopada \u2013 Dzie\u0144 Wszystkich \u015awi\u0119tych \u2013 to czas, w kt\u00f3rym odwiedzamy groby bliskich, wspominamy tych, kt\u00f3rzy odeszli, i rozmawiamy o przemijaniu. Dla doros\u0142ych to cz\u0119sto naturalny moment <a href=\"https:\/\/www.lesmierz.edu.pl\/?p=30177\" class=\"read-more\">wi\u0119cej &#8230;<\/a><\/p>\n\t\t\t\t<\/div>\n\n\t\t\t\t\n\t\t\t<\/div>\n\n\t\t\t\t\t\n\t\t\t\n\t\t\t<div id=\"su-post-29922\" class=\"su-post \">\n\n\t\t\t\t\t\t\t\t\t<a class=\"su-post-thumbnail\" href=\"https:\/\/www.lesmierz.edu.pl\/?p=29922\"><img loading=\"lazy\" decoding=\"async\" width=\"940\" height=\"788\" src=\"https:\/\/www.lesmierz.edu.pl\/wp-content\/uploads\/2025\/10\/Dzien-Zdrowia-Psychicznego.jpg\" class=\"attachment-post-thumbnail size-post-thumbnail wp-post-image\" alt=\"\" srcset=\"https:\/\/www.lesmierz.edu.pl\/wp-content\/uploads\/2025\/10\/Dzien-Zdrowia-Psychicznego.jpg 940w, https:\/\/www.lesmierz.edu.pl\/wp-content\/uploads\/2025\/10\/Dzien-Zdrowia-Psychicznego-300x251.jpg 300w, https:\/\/www.lesmierz.edu.pl\/wp-content\/uploads\/2025\/10\/Dzien-Zdrowia-Psychicznego-768x644.jpg 768w, https:\/\/www.lesmierz.edu.pl\/wp-content\/uploads\/2025\/10\/Dzien-Zdrowia-Psychicznego-322x270.jpg 322w\" sizes=\"auto, (max-width: 940px) 100vw, 940px\" \/><\/a>\n\t\t\t\t\n\t\t\t\t<h2 class=\"su-post-title\"><a href=\"https:\/\/www.lesmierz.edu.pl\/?p=29922\">10 pa\u017adziernika \u2013 Mi\u0119dzynarodowy Dzie\u0144 Zdrowia Psychicznego<\/a><\/h2>\n\n\t\t\t\t<div class=\"su-post-meta\">\n\t\t\t\t\tOpublikowano: 10 pa\u017adziernika 2025\t\t\t\t<\/div>\n\n\t\t\t\t<div class=\"su-post-excerpt\">\n\t\t\t\t\t<p>Zdrowie psychiczne \u2013 wsp\u00f3lna sprawa dzieci, rodzic\u00f3w i nauczycieli 10 pa\u017adziernika obchodzimy Mi\u0119dzynarodowy Dzie\u0144 Zdrowia Psychicznego. To doskona\u0142a okazja, by przypomnie\u0107 sobie, \u017ce dba\u0142o\u015b\u0107 o zdrowie psychiczne dotyczy ka\u017cdego z <a href=\"https:\/\/www.lesmierz.edu.pl\/?p=29922\" class=\"read-more\">wi\u0119cej &#8230;<\/a><\/p>\n\t\t\t\t<\/div>\n\n\t\t\t\t\n\t\t\t<\/div>\n\n\t\t\t\t\t\n\t\t\t\n\t\t\t<div id=\"su-post-29895\" class=\"su-post \">\n\n\t\t\t\t\t\t\t\t\t<a class=\"su-post-thumbnail\" href=\"https:\/\/www.lesmierz.edu.pl\/?p=29895\"><img loading=\"lazy\" decoding=\"async\" width=\"1024\" height=\"1024\" src=\"https:\/\/www.lesmierz.edu.pl\/wp-content\/uploads\/2025\/10\/Gemini_Generated_Image_o2dw4o2dw4o2dw4o.png\" class=\"attachment-post-thumbnail size-post-thumbnail wp-post-image\" alt=\"\" srcset=\"https:\/\/www.lesmierz.edu.pl\/wp-content\/uploads\/2025\/10\/Gemini_Generated_Image_o2dw4o2dw4o2dw4o.png 1024w, https:\/\/www.lesmierz.edu.pl\/wp-content\/uploads\/2025\/10\/Gemini_Generated_Image_o2dw4o2dw4o2dw4o-300x300.png 300w, https:\/\/www.lesmierz.edu.pl\/wp-content\/uploads\/2025\/10\/Gemini_Generated_Image_o2dw4o2dw4o2dw4o-150x150.png 150w\" sizes=\"auto, (max-width: 1024px) 100vw, 1024px\" \/><\/a>\n\t\t\t\t\n\t\t\t\t<h2 class=\"su-post-title\"><a href=\"https:\/\/www.lesmierz.edu.pl\/?p=29895\">Przed\u0142u\u017cenie przyjmowania prac konkursowych<\/a><\/h2>\n\n\t\t\t\t<div class=\"su-post-meta\">\n\t\t\t\t\tOpublikowano: 2 pa\u017adziernika 2025\t\t\t\t<\/div>\n\n\t\t\t\t<div class=\"su-post-excerpt\">\n\t\t\t\t\t<p>&#8220;Odetchnij na chwil\u0119 &#8211; zdrowe sposoby na relaks&#8221; Z okazji dnia Zdrowia Psychicznego, kt\u00f3ry przypada na 10 pa\u017adziernika szkolna psycholog oraz nauczycielka Edukacji Zdrowotnej organizuj\u0105 konkurs plastyczno &#8211; fotograficzny skierowany <a href=\"https:\/\/www.lesmierz.edu.pl\/?p=29895\" class=\"read-more\">wi\u0119cej &#8230;<\/a><\/p>\n\t\t\t\t<\/div>\n\n\t\t\t\t\n\t\t\t<\/div>\n\n\t\t\t\t\t\n\t\t\t\n\t\t\t<div id=\"su-post-29661\" class=\"su-post \">\n\n\t\t\t\t\t\t\t\t\t<a class=\"su-post-thumbnail\" href=\"https:\/\/www.lesmierz.edu.pl\/?p=29661\"><img loading=\"lazy\" decoding=\"async\" width=\"1280\" height=\"853\" src=\"https:\/\/www.lesmierz.edu.pl\/wp-content\/uploads\/2025\/09\/sunset-4883881_1280.jpg\" class=\"attachment-post-thumbnail size-post-thumbnail wp-post-image\" alt=\"\" srcset=\"https:\/\/www.lesmierz.edu.pl\/wp-content\/uploads\/2025\/09\/sunset-4883881_1280.jpg 1280w, https:\/\/www.lesmierz.edu.pl\/wp-content\/uploads\/2025\/09\/sunset-4883881_1280-300x200.jpg 300w, https:\/\/www.lesmierz.edu.pl\/wp-content\/uploads\/2025\/09\/sunset-4883881_1280-1024x682.jpg 1024w, https:\/\/www.lesmierz.edu.pl\/wp-content\/uploads\/2025\/09\/sunset-4883881_1280-768x512.jpg 768w, https:\/\/www.lesmierz.edu.pl\/wp-content\/uploads\/2025\/09\/sunset-4883881_1280-360x240.jpg 360w, https:\/\/www.lesmierz.edu.pl\/wp-content\/uploads\/2025\/09\/sunset-4883881_1280-272x182.jpg 272w, https:\/\/www.lesmierz.edu.pl\/wp-content\/uploads\/2025\/09\/sunset-4883881_1280-720x480.jpg 720w\" sizes=\"auto, (max-width: 1280px) 100vw, 1280px\" \/><\/a>\n\t\t\t\t\n\t\t\t\t<h2 class=\"su-post-title\"><a href=\"https:\/\/www.lesmierz.edu.pl\/?p=29661\">R\u00f3wnowaga mi\u0119dzy nauk\u0105 a odpoczynkiem<\/a><\/h2>\n\n\t\t\t\t<div class=\"su-post-meta\">\n\t\t\t\t\tOpublikowano: 15 wrze\u015bnia 2025\t\t\t\t<\/div>\n\n\t\t\t\t<div class=\"su-post-excerpt\">\n\t\t\t\t\t<p>&#8220;Najpierw obowi\u0105zki, potem przyjemno\u015bci&#8221; &#8211; ka\u017cdy z nas dobrze zna to zdanie. Jednak, czy na pewno odpoczynek to tylko przyjemno\u015b\u0107? Nic bardziej mylnego! To w\u0142a\u015bnie podczas relaksu m\u00f3zg porz\u0105dkuje informacje <a href=\"https:\/\/www.lesmierz.edu.pl\/?p=29661\" class=\"read-more\">wi\u0119cej &#8230;<\/a><\/p>\n\t\t\t\t<\/div>\n\n\t\t\t\t\n\t\t\t<\/div>\n\n\t\t\t\t\t\n\t\t\t\n\t\t\t<div id=\"su-post-29658\" class=\"su-post \">\n\n\t\t\t\t\t\t\t\t\t<a class=\"su-post-thumbnail\" href=\"https:\/\/www.lesmierz.edu.pl\/?p=29658\"><img loading=\"lazy\" decoding=\"async\" width=\"1280\" height=\"1280\" src=\"https:\/\/www.lesmierz.edu.pl\/wp-content\/uploads\/2025\/09\/instagram-like-4294405_1280.png\" class=\"attachment-post-thumbnail size-post-thumbnail wp-post-image\" alt=\"\" srcset=\"https:\/\/www.lesmierz.edu.pl\/wp-content\/uploads\/2025\/09\/instagram-like-4294405_1280.png 1280w, https:\/\/www.lesmierz.edu.pl\/wp-content\/uploads\/2025\/09\/instagram-like-4294405_1280-300x300.png 300w, https:\/\/www.lesmierz.edu.pl\/wp-content\/uploads\/2025\/09\/instagram-like-4294405_1280-1024x1024.png 1024w, https:\/\/www.lesmierz.edu.pl\/wp-content\/uploads\/2025\/09\/instagram-like-4294405_1280-150x150.png 150w, https:\/\/www.lesmierz.edu.pl\/wp-content\/uploads\/2025\/09\/instagram-like-4294405_1280-768x768.png 768w, https:\/\/www.lesmierz.edu.pl\/wp-content\/uploads\/2025\/09\/instagram-like-4294405_1280-270x270.png 270w, https:\/\/www.lesmierz.edu.pl\/wp-content\/uploads\/2025\/09\/instagram-like-4294405_1280-375x375.png 375w\" sizes=\"auto, (max-width: 1280px) 100vw, 1280px\" \/><\/a>\n\t\t\t\t\n\t\t\t\t<h2 class=\"su-post-title\"><a href=\"https:\/\/www.lesmierz.edu.pl\/?p=29658\">Technologia z g\u0142ow\u0105 \u2013 jak m\u0105drze korzysta\u0107 z internetu i medi\u00f3w spo\u0142eczno\u015bciowych?<\/a><\/h2>\n\n\t\t\t\t<div class=\"su-post-meta\">\n\t\t\t\t\tOpublikowano: 8 wrze\u015bnia 2025\t\t\t\t<\/div>\n\n\t\t\t\t<div class=\"su-post-excerpt\">\n\t\t\t\t\t<p>Telefon, tablet czy komputer to dzi\u015b nieod\u0142\u0105czna cz\u0119\u015b\u0107 codzienno\u015bci. Mog\u0105 by\u0107 \u015bwietnym narz\u0119dziem do nauki, rozwijania pasji i kontaktu z innymi, ale potrafi\u0105 te\u017c poch\u0142on\u0105\u0107 bez reszty. Wa\u017cne, by nauczy\u0107 <a href=\"https:\/\/www.lesmierz.edu.pl\/?p=29658\" class=\"read-more\">wi\u0119cej &#8230;<\/a><\/p>\n\t\t\t\t<\/div>\n\n\t\t\t\t\n\t\t\t<\/div>\n\n\t\t\t\t\t\n\t\t\t\n\t\t\t<div id=\"su-post-29655\" class=\"su-post \">\n\n\t\t\t\t\t\t\t\t\t<a class=\"su-post-thumbnail\" href=\"https:\/\/www.lesmierz.edu.pl\/?p=29655\"><img loading=\"lazy\" decoding=\"async\" width=\"1280\" height=\"853\" src=\"https:\/\/www.lesmierz.edu.pl\/wp-content\/uploads\/2025\/09\/merry-christmas-1093758_1280-1.jpg\" class=\"attachment-post-thumbnail size-post-thumbnail wp-post-image\" alt=\"\" srcset=\"https:\/\/www.lesmierz.edu.pl\/wp-content\/uploads\/2025\/09\/merry-christmas-1093758_1280-1.jpg 1280w, https:\/\/www.lesmierz.edu.pl\/wp-content\/uploads\/2025\/09\/merry-christmas-1093758_1280-1-300x200.jpg 300w, https:\/\/www.lesmierz.edu.pl\/wp-content\/uploads\/2025\/09\/merry-christmas-1093758_1280-1-1024x682.jpg 1024w, https:\/\/www.lesmierz.edu.pl\/wp-content\/uploads\/2025\/09\/merry-christmas-1093758_1280-1-768x512.jpg 768w, https:\/\/www.lesmierz.edu.pl\/wp-content\/uploads\/2025\/09\/merry-christmas-1093758_1280-1-360x240.jpg 360w, https:\/\/www.lesmierz.edu.pl\/wp-content\/uploads\/2025\/09\/merry-christmas-1093758_1280-1-272x182.jpg 272w, https:\/\/www.lesmierz.edu.pl\/wp-content\/uploads\/2025\/09\/merry-christmas-1093758_1280-1-720x480.jpg 720w\" sizes=\"auto, (max-width: 1280px) 100vw, 1280px\" \/><\/a>\n\t\t\t\t\n\t\t\t\t<h2 class=\"su-post-title\"><a href=\"https:\/\/www.lesmierz.edu.pl\/?p=29655\">Jak dobrze zacz\u0105\u0107 nowy rok szkolny? &#8211; wskaz\u00f3wki dla uczni\u00f3w, rodzic\u00f3w i nauczycieli<\/a><\/h2>\n\n\t\t\t\t<div class=\"su-post-meta\">\n\t\t\t\t\tOpublikowano: 3 wrze\u015bnia 2025\t\t\t\t<\/div>\n\n\t\t\t\t<div class=\"su-post-excerpt\">\n\t\t\t\t\t<p>Pocz\u0105tek roku szkolnego to dla wielu os\u00f3b czas ekscytacji, ale r\u00f3wnie\u017c i wzmo\u017conego stresu. Uczniowie zastanawiaj\u0105 si\u0119, jak poradz\u0105 sobie z nowymi wyzwaniami, rodzice &#8211; w jaki spos\u00f3b wspiera\u0107 swoje <a href=\"https:\/\/www.lesmierz.edu.pl\/?p=29655\" class=\"read-more\">wi\u0119cej &#8230;<\/a><\/p>\n\t\t\t\t<\/div>\n\n\t\t\t\t\n\t\t\t<\/div>\n\n\t\t\t\t\t\n\t\t\t\n\t\t\t<div id=\"su-post-28726\" class=\"su-post \">\n\n\t\t\t\t\t\t\t\t\t<a class=\"su-post-thumbnail\" href=\"https:\/\/www.lesmierz.edu.pl\/?p=28726\"><img loading=\"lazy\" decoding=\"async\" width=\"1420\" height=\"1065\" src=\"https:\/\/www.lesmierz.edu.pl\/wp-content\/uploads\/2025\/04\/1000015704.jpg\" class=\"attachment-post-thumbnail size-post-thumbnail wp-post-image\" alt=\"\" srcset=\"https:\/\/www.lesmierz.edu.pl\/wp-content\/uploads\/2025\/04\/1000015704.jpg 1420w, https:\/\/www.lesmierz.edu.pl\/wp-content\/uploads\/2025\/04\/1000015704-300x225.jpg 300w, https:\/\/www.lesmierz.edu.pl\/wp-content\/uploads\/2025\/04\/1000015704-1024x768.jpg 1024w, https:\/\/www.lesmierz.edu.pl\/wp-content\/uploads\/2025\/04\/1000015704-768x576.jpg 768w, https:\/\/www.lesmierz.edu.pl\/wp-content\/uploads\/2025\/04\/1000015704-360x270.jpg 360w\" sizes=\"auto, (max-width: 1420px) 100vw, 1420px\" \/><\/a>\n\t\t\t\t\n\t\t\t\t<h2 class=\"su-post-title\"><a href=\"https:\/\/www.lesmierz.edu.pl\/?p=28726\">&#8220;Le\u015bne przygody&#8221; &#8211; profilaktyczne przedstawienie w Ozorkowie<\/a><\/h2>\n\n\t\t\t\t<div class=\"su-post-meta\">\n\t\t\t\t\tOpublikowano: 30 kwietnia 2025\t\t\t\t<\/div>\n\n\t\t\t\t<div class=\"su-post-excerpt\">\n\t\t\t\t\t<p>24 kwietnia uczniowie klasy drugiej wzi\u0119li udzia\u0142 w wydarzeniu profilaktycznym, kt\u00f3re odby\u0142o si\u0119 w Ozorkowie. Dzieci wraz z wychowawc\u0105 i szkoln\u0105 psycholog, obejrza\u0142y przedstawienie pt. &#8220;Le\u015bne przygody&#8221; przygotowane przez oddzia\u0142 <a href=\"https:\/\/www.lesmierz.edu.pl\/?p=28726\" class=\"read-more\">wi\u0119cej &#8230;<\/a><\/p>\n\t\t\t\t<\/div>\n\n\t\t\t\t\n\t\t\t<\/div>\n\n\t\t\t\t\t\n\t\t\t\n\t\t\t<div id=\"su-post-28085\" class=\"su-post \">\n\n\t\t\t\t\t\t\t\t\t<a class=\"su-post-thumbnail\" href=\"https:\/\/www.lesmierz.edu.pl\/?p=28085\"><img loading=\"lazy\" decoding=\"async\" width=\"1212\" height=\"1280\" src=\"https:\/\/www.lesmierz.edu.pl\/wp-content\/uploads\/2025\/03\/cartoon-1099728_1280.jpg\" class=\"attachment-post-thumbnail size-post-thumbnail wp-post-image\" alt=\"\" srcset=\"https:\/\/www.lesmierz.edu.pl\/wp-content\/uploads\/2025\/03\/cartoon-1099728_1280.jpg 1212w, https:\/\/www.lesmierz.edu.pl\/wp-content\/uploads\/2025\/03\/cartoon-1099728_1280-284x300.jpg 284w, https:\/\/www.lesmierz.edu.pl\/wp-content\/uploads\/2025\/03\/cartoon-1099728_1280-970x1024.jpg 970w, https:\/\/www.lesmierz.edu.pl\/wp-content\/uploads\/2025\/03\/cartoon-1099728_1280-768x811.jpg 768w, https:\/\/www.lesmierz.edu.pl\/wp-content\/uploads\/2025\/03\/cartoon-1099728_1280-256x270.jpg 256w\" sizes=\"auto, (max-width: 1212px) 100vw, 1212px\" \/><\/a>\n\t\t\t\t\n\t\t\t\t<h2 class=\"su-post-title\"><a href=\"https:\/\/www.lesmierz.edu.pl\/?p=28085\">Wsp\u00f3lne do\u015bwiadczenia, r\u00f3\u017cne perspektywy: Jak budowa\u0107 g\u0142\u0119bokie relacje?<\/a><\/h2>\n\n\t\t\t\t<div class=\"su-post-meta\">\n\t\t\t\t\tOpublikowano: 19 marca 2025\t\t\t\t<\/div>\n\n\t\t\t\t<div class=\"su-post-excerpt\">\n\t\t\t\t\t<p>Relacje r\u00f3wie\u015bnicze to nie tylko spotkania ludzi w podobnym wieku, ale tak\u017ce przestrze\u0144, w kt\u00f3rej kszta\u0142tuj\u0105 si\u0119 nasze umiej\u0119tno\u015bci spo\u0142eczne, emocjonalne i intelektualne. Budowanie relacji z innymi jest procesem dynamicznym, <a href=\"https:\/\/www.lesmierz.edu.pl\/?p=28085\" class=\"read-more\">wi\u0119cej &#8230;<\/a><\/p>\n\t\t\t\t<\/div>\n\n\t\t\t\t\n\t\t\t<\/div>\n\n\t\t\n\t\n<\/div>\n\n","protected":false},"excerpt":{"rendered":"","protected":false},"author":1,"featured_media":0,"parent":0,"menu_order":0,"comment_status":"closed","ping_status":"closed","template":"","meta":{"ngg_post_thumbnail":0,"footnotes":""},"class_list":["post-22503","page","type-page","status-publish","hentry"],"_links":{"self":[{"href":"https:\/\/www.lesmierz.edu.pl\/index.php?rest_route=\/wp\/v2\/pages\/22503","targetHints":{"allow":["GET"]}}],"collection":[{"href":"https:\/\/www.lesmierz.edu.pl\/index.php?rest_route=\/wp\/v2\/pages"}],"about":[{"href":"https:\/\/www.lesmierz.edu.pl\/index.php?rest_route=\/wp\/v2\/types\/page"}],"author":[{"embeddable":true,"href":"https:\/\/www.lesmierz.edu.pl\/index.php?rest_route=\/wp\/v2\/users\/1"}],"replies":[{"embeddable":true,"href":"https:\/\/www.lesmierz.edu.pl\/index.php?rest_route=%2Fwp%2Fv2%2Fcomments&post=22503"}],"version-history":[{"count":3,"href":"https:\/\/www.lesmierz.edu.pl\/index.php?rest_route=\/wp\/v2\/pages\/22503\/revisions"}],"predecessor-version":[{"id":22512,"href":"https:\/\/www.lesmierz.edu.pl\/index.php?rest_route=\/wp\/v2\/pages\/22503\/revisions\/22512"}],"wp:attachment":[{"href":"https:\/\/www.lesmierz.edu.pl\/index.php?rest_route=%2Fwp%2Fv2%2Fmedia&parent=22503"}],"curies":[{"name":"wp","href":"https:\/\/api.w.org\/{rel}","templated":true}]}}