{"id":18482,"date":"2022-01-02T09:23:54","date_gmt":"2022-01-02T08:23:54","guid":{"rendered":"https:\/\/www.lesmierz.edu.pl\/?page_id=18482"},"modified":"2023-03-31T13:26:07","modified_gmt":"2023-03-31T11:26:07","slug":"laboratoria-przyszlosci","status":"publish","type":"page","link":"https:\/\/www.lesmierz.edu.pl\/?page_id=18482","title":{"rendered":"Laboratoria przysz\u0142o\u015bci"},"content":{"rendered":"<div class=\"wp-block-image\">\n<figure class=\"alignright\"><a href=\"https:\/\/www.lesmierz.edu.pl\/wp-content\/uploads\/2022\/05\/logo-baner2.png\"><img loading=\"lazy\" decoding=\"async\" width=\"300\" height=\"35\" src=\"https:\/\/www.lesmierz.edu.pl\/wp-content\/uploads\/2022\/05\/logo-baner2-300x35.png\" alt=\"\" class=\"wp-image-18503\" srcset=\"https:\/\/www.lesmierz.edu.pl\/wp-content\/uploads\/2022\/05\/logo-baner2-300x35.png 300w, https:\/\/www.lesmierz.edu.pl\/wp-content\/uploads\/2022\/05\/logo-baner2-768x89.png 768w, https:\/\/www.lesmierz.edu.pl\/wp-content\/uploads\/2022\/05\/logo-baner2-360x42.png 360w, https:\/\/www.lesmierz.edu.pl\/wp-content\/uploads\/2022\/05\/logo-baner2.png 818w\" sizes=\"auto, (max-width: 300px) 100vw, 300px\" \/><\/a><\/figure>\n<\/div>\n\n\n<p>&nbsp;Laboratoria Przysz\u0142o\u015bci to inicjatywa edukacyjna realizowana przez Ministerstwo Edukacji i Nauki we wsp\u00f3\u0142pracy z Centrum GovTech w Kancelarii Prezesa Rady Ministr\u00f3w. Nasz\u0105 wsp\u00f3ln\u0105 misj\u0105 jest stworzenie nowoczesnej szko\u0142y, w kt\u00f3rej zaj\u0119cia b\u0119d\u0105 prowadzone w spos\u00f3b ciekawy, anga\u017cuj\u0105cy uczni\u00f3w oraz sprzyjaj\u0105cy odkrywaniu ich talent\u00f3w i rozwijaniu zainteresowa\u0144.[\/su_spoiler]<\/p>\n\n\n\n<p>&nbsp;Celem inicjatywy jest wsparcie wszystkich szk\u00f3\u0142 podstawowych w budowaniu w\u015br\u00f3d uczni\u00f3w kompetencji przysz\u0142o\u015bci z tzw. kierunk\u00f3w STEAM (nauka, technologia, in\u017cynieria, sztuka oraz matematyka). W ramach Laboratori\u00f3w Przysz\u0142o\u015bci organy prowadz\u0105ce szko\u0142y otrzymaj\u0105 od pa\u0144stwa wsparcie finansowe warte ponad miliard z\u0142otych, dzi\u0119ki kt\u00f3remu miliony polskich uczni\u00f3w b\u0119d\u0105 mog\u0142y uczy\u0107 si\u0119 poprzez eksperymentowanie i zdobywa\u0107 w ten spos\u00f3b praktyczne umiej\u0119tno\u015bci. Wsparcie b\u0119dzie przekazane w ca\u0142o\u015bci z g\u00f3ry &#8211; bez konieczno\u015bci wniesienia wk\u0142adu w\u0142asnego.[\/su_spoiler]<\/p>\n\n\n\n<h3 class=\"wp-block-heading\">Co si\u0119 dzieje?<\/h3>\n\n\n\n<p><span style=\"vertical-align: inherit;\"><span style=\"vertical-align: inherit;\"><span style=\"vertical-align: inherit;\"><span style=\"vertical-align: inherit;\"><span style=\"vertical-align: inherit;\"><span style=\"vertical-align: inherit;\"><span style=\"vertical-align: inherit;\"><span style=\"vertical-align: inherit;\"><span style=\"vertical-align: inherit;\"><span style=\"vertical-align: inherit;\"><span style=\"vertical-align: inherit;\"><span style=\"vertical-align: inherit;\"><span style=\"vertical-align: inherit;\">&nbsp; &nbsp;<\/span><\/span><\/span><\/span><\/span><\/span><\/span><\/span><\/span><\/span><\/span><\/span><\/span>\n\n<div class=\"su-posts su-posts-default-loop \">\n\n\t\n\t\t\t\t\t\n\t\t\t\n\t\t\t<div id=\"su-post-30273\" class=\"su-post \">\n\n\t\t\t\t\t\t\t\t\t<a class=\"su-post-thumbnail\" href=\"https:\/\/www.lesmierz.edu.pl\/?p=30273\"><img loading=\"lazy\" decoding=\"async\" width=\"1420\" height=\"1065\" src=\"https:\/\/www.lesmierz.edu.pl\/wp-content\/uploads\/2025\/11\/IMG20251114120404.jpg\" class=\"attachment-post-thumbnail size-post-thumbnail wp-post-image\" alt=\"\" srcset=\"https:\/\/www.lesmierz.edu.pl\/wp-content\/uploads\/2025\/11\/IMG20251114120404.jpg 1420w, https:\/\/www.lesmierz.edu.pl\/wp-content\/uploads\/2025\/11\/IMG20251114120404-300x225.jpg 300w, https:\/\/www.lesmierz.edu.pl\/wp-content\/uploads\/2025\/11\/IMG20251114120404-1024x768.jpg 1024w, https:\/\/www.lesmierz.edu.pl\/wp-content\/uploads\/2025\/11\/IMG20251114120404-768x576.jpg 768w, https:\/\/www.lesmierz.edu.pl\/wp-content\/uploads\/2025\/11\/IMG20251114120404-360x270.jpg 360w\" sizes=\"auto, (max-width: 1420px) 100vw, 1420px\" \/><\/a>\n\t\t\t\t\n\t\t\t\t<h2 class=\"su-post-title\"><a href=\"https:\/\/www.lesmierz.edu.pl\/?p=30273\">Wizyta w Przysz\u0142o\u015bci<\/a><\/h2>\n\n\t\t\t\t<div class=\"su-post-meta\">\n\t\t\t\t\tOpublikowano: 17 grudnia 2025\t\t\t\t<\/div>\n\n\t\t\t\t<div class=\"su-post-excerpt\">\n\t\t\t\t\t<p>Nasza szko\u0142a pomy\u015blnie realizuje zadania og\u00f3lnopolskiego programu #LaboratoriaPrzysz\u0142o\u015bci #LaboratoriaPrzyszlosci . Dzi\u0119ki pozyskanym \u015brodkom, nasza plac\u00f3wka wzbogaci\u0142a si\u0119 o nowoczesne wyposa\u017cenie, kt\u00f3re przenosi edukacj\u0119 na zupe\u0142nie nowy poziom. Naszym celem jest <a href=\"https:\/\/www.lesmierz.edu.pl\/?p=30273\" class=\"read-more\">wi\u0119cej &#8230;<\/a><\/p>\n\t\t\t\t<\/div>\n\n\t\t\t\t\n\t\t\t<\/div>\n\n\t\t\t\t\t\n\t\t\t\n\t\t\t<div id=\"su-post-28284\" class=\"su-post \">\n\n\t\t\t\t\t\t\t\t\t<a class=\"su-post-thumbnail\" href=\"https:\/\/www.lesmierz.edu.pl\/?p=28284\"><img loading=\"lazy\" decoding=\"async\" width=\"1065\" height=\"1420\" src=\"https:\/\/www.lesmierz.edu.pl\/wp-content\/uploads\/2025\/04\/Messenger_creation_8C774A79-85CA-46FF-ABE7-CAC6E84296B1.jpeg\" class=\"attachment-post-thumbnail size-post-thumbnail wp-post-image\" alt=\"\" srcset=\"https:\/\/www.lesmierz.edu.pl\/wp-content\/uploads\/2025\/04\/Messenger_creation_8C774A79-85CA-46FF-ABE7-CAC6E84296B1.jpeg 1065w, https:\/\/www.lesmierz.edu.pl\/wp-content\/uploads\/2025\/04\/Messenger_creation_8C774A79-85CA-46FF-ABE7-CAC6E84296B1-225x300.jpeg 225w, https:\/\/www.lesmierz.edu.pl\/wp-content\/uploads\/2025\/04\/Messenger_creation_8C774A79-85CA-46FF-ABE7-CAC6E84296B1-768x1024.jpeg 768w, https:\/\/www.lesmierz.edu.pl\/wp-content\/uploads\/2025\/04\/Messenger_creation_8C774A79-85CA-46FF-ABE7-CAC6E84296B1-203x270.jpeg 203w\" sizes=\"auto, (max-width: 1065px) 100vw, 1065px\" \/><\/a>\n\t\t\t\t\n\t\t\t\t<h2 class=\"su-post-title\"><a href=\"https:\/\/www.lesmierz.edu.pl\/?p=28284\">Nowoczesne technologie<\/a><\/h2>\n\n\t\t\t\t<div class=\"su-post-meta\">\n\t\t\t\t\tOpublikowano: 12 maja 2025\t\t\t\t<\/div>\n\n\t\t\t\t<div class=\"su-post-excerpt\">\n\t\t\t\t\t<p>W naszej szkole odbywaj\u0105 si\u0119 zaj\u0119cia w ramach programu #LaboratoriaPrzysz\u0142o\u015bci #LaboratoriaPrzyszlosci rozwijaj\u0105ce kompetencje przysz\u0142o\u015bci u uczni\u00f3w &#8211; kreatywno\u015b\u0107, wsp\u00f3\u0142prac\u0119, my\u015blenie projektowe i obs\u0142ug\u0119 nowoczesnych technologii. W ostatnim p\u00f3\u0142roczu zaj\u0119cia te <a href=\"https:\/\/www.lesmierz.edu.pl\/?p=28284\" class=\"read-more\">wi\u0119cej &#8230;<\/a><\/p>\n\t\t\t\t<\/div>\n\n\t\t\t\t\n\t\t\t<\/div>\n\n\t\t\t\t\t\n\t\t\t\n\t\t\t<div id=\"su-post-27236\" class=\"su-post \">\n\n\t\t\t\t\t\t\t\t\t<a class=\"su-post-thumbnail\" href=\"https:\/\/www.lesmierz.edu.pl\/?p=27236\"><img loading=\"lazy\" decoding=\"async\" width=\"1623\" height=\"1738\" src=\"https:\/\/www.lesmierz.edu.pl\/wp-content\/uploads\/2022\/09\/logo-Laboratoria_Przysz\u0142o\u015bci_pion_kolor-1.png\" class=\"attachment-post-thumbnail size-post-thumbnail wp-post-image\" alt=\"\" srcset=\"https:\/\/www.lesmierz.edu.pl\/wp-content\/uploads\/2022\/09\/logo-Laboratoria_Przysz\u0142o\u015bci_pion_kolor-1.png 1623w, https:\/\/www.lesmierz.edu.pl\/wp-content\/uploads\/2022\/09\/logo-Laboratoria_Przysz\u0142o\u015bci_pion_kolor-1-280x300.png 280w, https:\/\/www.lesmierz.edu.pl\/wp-content\/uploads\/2022\/09\/logo-Laboratoria_Przysz\u0142o\u015bci_pion_kolor-1-768x822.png 768w, https:\/\/www.lesmierz.edu.pl\/wp-content\/uploads\/2022\/09\/logo-Laboratoria_Przysz\u0142o\u015bci_pion_kolor-1-956x1024.png 956w, https:\/\/www.lesmierz.edu.pl\/wp-content\/uploads\/2022\/09\/logo-Laboratoria_Przysz\u0142o\u015bci_pion_kolor-1-252x270.png 252w\" sizes=\"auto, (max-width: 1623px) 100vw, 1623px\" \/><\/a>\n\t\t\t\t\n\t\t\t\t<h2 class=\"su-post-title\"><a href=\"https:\/\/www.lesmierz.edu.pl\/?p=27236\">Laboratoria przysz\u0142o\u015bci<\/a><\/h2>\n\n\t\t\t\t<div class=\"su-post-meta\">\n\t\t\t\t\tOpublikowano: 27 grudnia 2024\t\t\t\t<\/div>\n\n\t\t\t\t<div class=\"su-post-excerpt\">\n\t\t\t\t\t<p>W ostatnim p\u00f3\u0142roczu sporo dzia\u0142o si\u0119 w ramach programu #LaboratoriaPrzysz\u0142o\u015bci #LaboratoriaPrzyszlosci Wielu nauczycieli wpisa\u0142o zaj\u0119cia w sta\u0142y harmonogram pracy. Poni\u017cej bli\u017csze informacje oraz fotorelacja z przeprowadzonych zaj\u0119\u0107. &nbsp; \u0106wiczymy przemawianie&nbsp; <a href=\"https:\/\/www.lesmierz.edu.pl\/?p=27236\" class=\"read-more\">wi\u0119cej &#8230;<\/a><\/p>\n\t\t\t\t<\/div>\n\n\t\t\t\t\n\t\t\t<\/div>\n\n\t\t\t\t\t\n\t\t\t\n\t\t\t<div id=\"su-post-25239\" class=\"su-post \">\n\n\t\t\t\t\t\t\t\t\t<a class=\"su-post-thumbnail\" href=\"https:\/\/www.lesmierz.edu.pl\/?p=25239\"><img loading=\"lazy\" decoding=\"async\" width=\"2048\" height=\"1536\" src=\"https:\/\/www.lesmierz.edu.pl\/wp-content\/uploads\/2024\/04\/4675e0b8-2797-4eaf-b909-7a663399ea4e.jpg\" class=\"attachment-post-thumbnail size-post-thumbnail wp-post-image\" alt=\"\" srcset=\"https:\/\/www.lesmierz.edu.pl\/wp-content\/uploads\/2024\/04\/4675e0b8-2797-4eaf-b909-7a663399ea4e.jpg 2048w, https:\/\/www.lesmierz.edu.pl\/wp-content\/uploads\/2024\/04\/4675e0b8-2797-4eaf-b909-7a663399ea4e-300x225.jpg 300w, https:\/\/www.lesmierz.edu.pl\/wp-content\/uploads\/2024\/04\/4675e0b8-2797-4eaf-b909-7a663399ea4e-1024x768.jpg 1024w, https:\/\/www.lesmierz.edu.pl\/wp-content\/uploads\/2024\/04\/4675e0b8-2797-4eaf-b909-7a663399ea4e-768x576.jpg 768w, https:\/\/www.lesmierz.edu.pl\/wp-content\/uploads\/2024\/04\/4675e0b8-2797-4eaf-b909-7a663399ea4e-1536x1152.jpg 1536w, https:\/\/www.lesmierz.edu.pl\/wp-content\/uploads\/2024\/04\/4675e0b8-2797-4eaf-b909-7a663399ea4e-360x270.jpg 360w\" sizes=\"auto, (max-width: 2048px) 100vw, 2048px\" \/><\/a>\n\t\t\t\t\n\t\t\t\t<h2 class=\"su-post-title\"><a href=\"https:\/\/www.lesmierz.edu.pl\/?p=25239\">Warsztaty filmowe<\/a><\/h2>\n\n\t\t\t\t<div class=\"su-post-meta\">\n\t\t\t\t\tOpublikowano: 17 kwietnia 2024\t\t\t\t<\/div>\n\n\t\t\t\t<div class=\"su-post-excerpt\">\n\t\t\t\t\t<p>&nbsp;Witajcie w naszym szkolnym studiu filmowym!&nbsp; Przedstawiamy jedno z najbardziej inspiruj\u0105cych miejsc w naszej szkole &#8211; nasze studio filmowe zakupione w ramach programu \u00a0#LaboratoriaPrzysz\u0142o\u015bci #LaboratoriaPrzyszlosci\u00a0! To tutaj uczniowie maj\u0105 okazj\u0119 <a href=\"https:\/\/www.lesmierz.edu.pl\/?p=25239\" class=\"read-more\">wi\u0119cej &#8230;<\/a><\/p>\n\t\t\t\t<\/div>\n\n\t\t\t\t\n\t\t\t<\/div>\n\n\t\t\t\t\t\n\t\t\t\n\t\t\t<div id=\"su-post-24844\" class=\"su-post \">\n\n\t\t\t\t\t\t\t\t\t<a class=\"su-post-thumbnail\" href=\"https:\/\/www.lesmierz.edu.pl\/?p=24844\"><img loading=\"lazy\" decoding=\"async\" width=\"1065\" height=\"1420\" src=\"https:\/\/www.lesmierz.edu.pl\/wp-content\/uploads\/2024\/03\/20240307_081942.jpg\" class=\"attachment-post-thumbnail size-post-thumbnail wp-post-image\" alt=\"\" srcset=\"https:\/\/www.lesmierz.edu.pl\/wp-content\/uploads\/2024\/03\/20240307_081942.jpg 1065w, https:\/\/www.lesmierz.edu.pl\/wp-content\/uploads\/2024\/03\/20240307_081942-225x300.jpg 225w, https:\/\/www.lesmierz.edu.pl\/wp-content\/uploads\/2024\/03\/20240307_081942-768x1024.jpg 768w, https:\/\/www.lesmierz.edu.pl\/wp-content\/uploads\/2024\/03\/20240307_081942-203x270.jpg 203w\" sizes=\"auto, (max-width: 1065px) 100vw, 1065px\" \/><\/a>\n\t\t\t\t\n\t\t\t\t<h2 class=\"su-post-title\"><a href=\"https:\/\/www.lesmierz.edu.pl\/?p=24844\">Kosmos- lekcja z okularami VR<\/a><\/h2>\n\n\t\t\t\t<div class=\"su-post-meta\">\n\t\t\t\t\tOpublikowano: 20 marca 2024\t\t\t\t<\/div>\n\n\t\t\t\t<div class=\"su-post-excerpt\">\n\t\t\t\t\t<p>Wi\u0119kszo\u015b\u0107 z nas na pewno nie raz zastanawia\u0142a si\u0119 jak wygl\u0105da Uk\u0142ad S\u0142oneczny. Niekt\u00f3rzy marz\u0105 o podr\u00f3\u017cy na Ksi\u0119\u017cyc lub inn\u0105 planet\u0119. Dzi\u0119ki zastosowaniu zaawansowanej techniki uczniowie kl. 1 mogli <a href=\"https:\/\/www.lesmierz.edu.pl\/?p=24844\" class=\"read-more\">wi\u0119cej &#8230;<\/a><\/p>\n\t\t\t\t<\/div>\n\n\t\t\t\t\n\t\t\t<\/div>\n\n\t\t\t\t\t\n\t\t\t\n\t\t\t<div id=\"su-post-24336\" class=\"su-post \">\n\n\t\t\t\t\t\t\t\t\t<a class=\"su-post-thumbnail\" href=\"https:\/\/www.lesmierz.edu.pl\/?p=24336\"><img loading=\"lazy\" decoding=\"async\" width=\"2000\" height=\"1500\" src=\"https:\/\/www.lesmierz.edu.pl\/wp-content\/uploads\/2023\/12\/404296891_886584512757415_5863738989602462908_n.jpg\" class=\"attachment-post-thumbnail size-post-thumbnail wp-post-image\" alt=\"\" srcset=\"https:\/\/www.lesmierz.edu.pl\/wp-content\/uploads\/2023\/12\/404296891_886584512757415_5863738989602462908_n.jpg 2000w, https:\/\/www.lesmierz.edu.pl\/wp-content\/uploads\/2023\/12\/404296891_886584512757415_5863738989602462908_n-300x225.jpg 300w, https:\/\/www.lesmierz.edu.pl\/wp-content\/uploads\/2023\/12\/404296891_886584512757415_5863738989602462908_n-1024x768.jpg 1024w, https:\/\/www.lesmierz.edu.pl\/wp-content\/uploads\/2023\/12\/404296891_886584512757415_5863738989602462908_n-768x576.jpg 768w, https:\/\/www.lesmierz.edu.pl\/wp-content\/uploads\/2023\/12\/404296891_886584512757415_5863738989602462908_n-1536x1152.jpg 1536w, https:\/\/www.lesmierz.edu.pl\/wp-content\/uploads\/2023\/12\/404296891_886584512757415_5863738989602462908_n-360x270.jpg 360w\" sizes=\"auto, (max-width: 2000px) 100vw, 2000px\" \/><\/a>\n\t\t\t\t\n\t\t\t\t<h2 class=\"su-post-title\"><a href=\"https:\/\/www.lesmierz.edu.pl\/?p=24336\">Szycie dawniej i dzi\u015b-maszyna do szycia vs hafciarka<\/a><\/h2>\n\n\t\t\t\t<div class=\"su-post-meta\">\n\t\t\t\t\tOpublikowano: 17 stycznia 2024\t\t\t\t<\/div>\n\n\t\t\t\t<div class=\"su-post-excerpt\">\n\t\t\t\t\t<p>Uczniowie klasy 5 w czasie lekcji techniki poznali przybory, narz\u0119dzia i urz\u0105dzenia warsztatu krawieckiego. Ka\u017cdy ucze\u0144 wykona\u0142 trzy podstawowe \u015bciegi r\u0119czne i ozdobny oraz nauczy\u0142 si\u0119 przyszywa\u0107 guziki a nast\u0119pnie <a href=\"https:\/\/www.lesmierz.edu.pl\/?p=24336\" class=\"read-more\">wi\u0119cej &#8230;<\/a><\/p>\n\t\t\t\t<\/div>\n\n\t\t\t\t\n\t\t\t<\/div>\n\n\t\t\t\t\t\n\t\t\t\n\t\t\t<div id=\"su-post-24073\" class=\"su-post \">\n\n\t\t\t\t\t\t\t\t\t<a class=\"su-post-thumbnail\" href=\"https:\/\/www.lesmierz.edu.pl\/?p=24073\"><img loading=\"lazy\" decoding=\"async\" width=\"1623\" height=\"1738\" src=\"https:\/\/www.lesmierz.edu.pl\/wp-content\/uploads\/2022\/09\/logo-Laboratoria_Przysz\u0142o\u015bci_pion_kolor-1.png\" class=\"attachment-post-thumbnail size-post-thumbnail wp-post-image\" alt=\"\" srcset=\"https:\/\/www.lesmierz.edu.pl\/wp-content\/uploads\/2022\/09\/logo-Laboratoria_Przysz\u0142o\u015bci_pion_kolor-1.png 1623w, https:\/\/www.lesmierz.edu.pl\/wp-content\/uploads\/2022\/09\/logo-Laboratoria_Przysz\u0142o\u015bci_pion_kolor-1-280x300.png 280w, https:\/\/www.lesmierz.edu.pl\/wp-content\/uploads\/2022\/09\/logo-Laboratoria_Przysz\u0142o\u015bci_pion_kolor-1-768x822.png 768w, https:\/\/www.lesmierz.edu.pl\/wp-content\/uploads\/2022\/09\/logo-Laboratoria_Przysz\u0142o\u015bci_pion_kolor-1-956x1024.png 956w, https:\/\/www.lesmierz.edu.pl\/wp-content\/uploads\/2022\/09\/logo-Laboratoria_Przysz\u0142o\u015bci_pion_kolor-1-252x270.png 252w\" sizes=\"auto, (max-width: 1623px) 100vw, 1623px\" \/><\/a>\n\t\t\t\t\n\t\t\t\t<h2 class=\"su-post-title\"><a href=\"https:\/\/www.lesmierz.edu.pl\/?p=24073\">Miko\u0142ajkowe gogle<\/a><\/h2>\n\n\t\t\t\t<div class=\"su-post-meta\">\n\t\t\t\t\tOpublikowano: 20 grudnia 2023\t\t\t\t<\/div>\n\n\t\t\t\t<div class=\"su-post-excerpt\">\n\t\t\t\t\t<p>W grudniu 2023 zaj\u0119cia z wykorzystaniem Google VR, zakupionych w ramach programu #LaboratoriaPrzysz\u0142o\u015bci #LaboratoriaPrzyszlosci&nbsp;obfitowa\u0142y wok\u00f3\u0142 temat\u00f3w \u015bwi\u0105tecznych. Uczniowie wirtualnie zwiedzali \u015bwiat, poznawali \u015bwi\u0105teczne obyczaje r\u00f3\u017cnych kraj\u00f3w. Dzi\u0119ki okularom VR przed <a href=\"https:\/\/www.lesmierz.edu.pl\/?p=24073\" class=\"read-more\">wi\u0119cej &#8230;<\/a><\/p>\n\t\t\t\t<\/div>\n\n\t\t\t\t\n\t\t\t<\/div>\n\n\t\t\t\t\t\n\t\t\t\n\t\t\t<div id=\"su-post-24085\" class=\"su-post \">\n\n\t\t\t\t\t\t\t\t\t<a class=\"su-post-thumbnail\" href=\"https:\/\/www.lesmierz.edu.pl\/?p=24085\"><img loading=\"lazy\" decoding=\"async\" width=\"1065\" height=\"1420\" src=\"https:\/\/www.lesmierz.edu.pl\/wp-content\/uploads\/2023\/12\/20231207_121109-1.jpg\" class=\"attachment-post-thumbnail size-post-thumbnail wp-post-image\" alt=\"\" srcset=\"https:\/\/www.lesmierz.edu.pl\/wp-content\/uploads\/2023\/12\/20231207_121109-1.jpg 1065w, https:\/\/www.lesmierz.edu.pl\/wp-content\/uploads\/2023\/12\/20231207_121109-1-225x300.jpg 225w, https:\/\/www.lesmierz.edu.pl\/wp-content\/uploads\/2023\/12\/20231207_121109-1-768x1024.jpg 768w, https:\/\/www.lesmierz.edu.pl\/wp-content\/uploads\/2023\/12\/20231207_121109-1-203x270.jpg 203w\" sizes=\"auto, (max-width: 1065px) 100vw, 1065px\" \/><\/a>\n\t\t\t\t\n\t\t\t\t<h2 class=\"su-post-title\"><a href=\"https:\/\/www.lesmierz.edu.pl\/?p=24085\">Ju\u017c czu\u0107 magi\u0119 \u015bwi\u0105t<\/a><\/h2>\n\n\t\t\t\t<div class=\"su-post-meta\">\n\t\t\t\t\tOpublikowano: 8 grudnia 2023\t\t\t\t<\/div>\n\n\t\t\t\t<div class=\"su-post-excerpt\">\n\t\t\t\t\t<p>Dnia 7 grudnia 2023 w klasie trzeciej mo\u017cna by\u0142o poczu\u0107 \u015bwi\u0105teczny klimat. A to za spraw\u0105 pierniczk\u00f3w. I to nie tych toru\u0144skich, ale le\u015bmierskich &#8211; w\u0142asno wypiekanych przez uczni\u00f3w. Zar\u00f3wno <a href=\"https:\/\/www.lesmierz.edu.pl\/?p=24085\" class=\"read-more\">wi\u0119cej &#8230;<\/a><\/p>\n\t\t\t\t<\/div>\n\n\t\t\t\t\n\t\t\t<\/div>\n\n\t\t\t\t\t\n\t\t\t\n\t\t\t<div id=\"su-post-24331\" class=\"su-post \">\n\n\t\t\t\t\t\t\t\t\t<a class=\"su-post-thumbnail\" href=\"https:\/\/www.lesmierz.edu.pl\/?p=24331\"><img loading=\"lazy\" decoding=\"async\" width=\"1623\" height=\"1738\" src=\"https:\/\/www.lesmierz.edu.pl\/wp-content\/uploads\/2022\/09\/logo-Laboratoria_Przysz\u0142o\u015bci_pion_kolor-1.png\" class=\"attachment-post-thumbnail size-post-thumbnail wp-post-image\" alt=\"\" srcset=\"https:\/\/www.lesmierz.edu.pl\/wp-content\/uploads\/2022\/09\/logo-Laboratoria_Przysz\u0142o\u015bci_pion_kolor-1.png 1623w, https:\/\/www.lesmierz.edu.pl\/wp-content\/uploads\/2022\/09\/logo-Laboratoria_Przysz\u0142o\u015bci_pion_kolor-1-280x300.png 280w, https:\/\/www.lesmierz.edu.pl\/wp-content\/uploads\/2022\/09\/logo-Laboratoria_Przysz\u0142o\u015bci_pion_kolor-1-768x822.png 768w, https:\/\/www.lesmierz.edu.pl\/wp-content\/uploads\/2022\/09\/logo-Laboratoria_Przysz\u0142o\u015bci_pion_kolor-1-956x1024.png 956w, https:\/\/www.lesmierz.edu.pl\/wp-content\/uploads\/2022\/09\/logo-Laboratoria_Przysz\u0142o\u015bci_pion_kolor-1-252x270.png 252w\" sizes=\"auto, (max-width: 1623px) 100vw, 1623px\" \/><\/a>\n\t\t\t\t\n\t\t\t\t<h2 class=\"su-post-title\"><a href=\"https:\/\/www.lesmierz.edu.pl\/?p=24331\">Wirtualna rzeczywisto\u015b\u0107 w gabinecie logopedy<\/a><\/h2>\n\n\t\t\t\t<div class=\"su-post-meta\">\n\t\t\t\t\tOpublikowano: 5 czerwca 2023\t\t\t\t<\/div>\n\n\t\t\t\t<div class=\"su-post-excerpt\">\n\t\t\t\t\t<p>Podczas indywidualnych zaj\u0119\u0107 logopedycznych z uczniem klasy sz\u00f3stej wykorzystane zosta\u0142y Google VR, zakupione w ramach programu #LaboratoriaPrzysz\u0142o\u015bci #LaboratoriaPrzyszlosci . Tematem zaj\u0119\u0107 by\u0142o poprawienie jako\u015bci funkcji j\u0119zykowej oraz oddechowej z wykorzystaniem <a href=\"https:\/\/www.lesmierz.edu.pl\/?p=24331\" class=\"read-more\">wi\u0119cej &#8230;<\/a><\/p>\n\t\t\t\t<\/div>\n\n\t\t\t\t\n\t\t\t<\/div>\n\n\t\t\t\t\t\n\t\t\t\n\t\t\t<div id=\"su-post-22457\" class=\"su-post \">\n\n\t\t\t\t\t\t\t\t\t<a class=\"su-post-thumbnail\" href=\"https:\/\/www.lesmierz.edu.pl\/?p=22457\"><img loading=\"lazy\" decoding=\"async\" width=\"1218\" height=\"1420\" src=\"https:\/\/www.lesmierz.edu.pl\/wp-content\/uploads\/2023\/05\/20230522_121607.jpg\" class=\"attachment-post-thumbnail size-post-thumbnail wp-post-image\" alt=\"\" srcset=\"https:\/\/www.lesmierz.edu.pl\/wp-content\/uploads\/2023\/05\/20230522_121607.jpg 1218w, https:\/\/www.lesmierz.edu.pl\/wp-content\/uploads\/2023\/05\/20230522_121607-257x300.jpg 257w, https:\/\/www.lesmierz.edu.pl\/wp-content\/uploads\/2023\/05\/20230522_121607-878x1024.jpg 878w, https:\/\/www.lesmierz.edu.pl\/wp-content\/uploads\/2023\/05\/20230522_121607-768x895.jpg 768w, https:\/\/www.lesmierz.edu.pl\/wp-content\/uploads\/2023\/05\/20230522_121607-232x270.jpg 232w\" sizes=\"auto, (max-width: 1218px) 100vw, 1218px\" \/><\/a>\n\t\t\t\t\n\t\t\t\t<h2 class=\"su-post-title\"><a href=\"https:\/\/www.lesmierz.edu.pl\/?p=22457\">Ta\u0144cowa\u0142a ig\u0142a z nitk\u0105<\/a><\/h2>\n\n\t\t\t\t<div class=\"su-post-meta\">\n\t\t\t\t\tOpublikowano: 22 maja 2023\t\t\t\t<\/div>\n\n\t\t\t\t<div class=\"su-post-excerpt\">\n\t\t\t\t\t<p>22 maja 2023 uczniowie klasy drugiej wzi\u0119li udzia\u0142 w zaj\u0119ciach z hafciarstwa. Po przeczytaniu wiersza Jana Brzechwy pt. &#8220;Ta\u0144cowa\u0142a ig\u0142a z nitk\u0105&#8221; postanowili przy u\u017cyciu hafciarki zakupionej w ramach programu\u00a0#LaboratoriaPrzysz\u0142o\u015bci, <a href=\"https:\/\/www.lesmierz.edu.pl\/?p=22457\" class=\"read-more\">wi\u0119cej &#8230;<\/a><\/p>\n\t\t\t\t<\/div>\n\n\t\t\t\t\n\t\t\t<\/div>\n\n\t\t\n\t\n<\/div>\n<\/p>\n","protected":false},"excerpt":{"rendered":"<p>&nbsp;Laboratoria Przysz\u0142o\u015bci to inicjatywa edukacyjna realizowana przez Ministerstwo Edukacji i Nauki we wsp\u00f3\u0142pracy z Centrum GovTech w Kancelarii Prezesa Rady Ministr\u00f3w. Nasz\u0105 wsp\u00f3ln\u0105 misj\u0105 jest stworzenie nowoczesnej szko\u0142y, w kt\u00f3rej <a href=\"https:\/\/www.lesmierz.edu.pl\/?p=22457\" class=\"read-more\">wi\u0119cej &#8230;<\/a><\/p>\n","protected":false},"author":1,"featured_media":18492,"parent":0,"menu_order":0,"comment_status":"closed","ping_status":"closed","template":"","meta":{"ngg_post_thumbnail":0,"footnotes":""},"class_list":["post-18482","page","type-page","status-publish","has-post-thumbnail","hentry"],"_links":{"self":[{"href":"https:\/\/www.lesmierz.edu.pl\/index.php?rest_route=\/wp\/v2\/pages\/18482","targetHints":{"allow":["GET"]}}],"collection":[{"href":"https:\/\/www.lesmierz.edu.pl\/index.php?rest_route=\/wp\/v2\/pages"}],"about":[{"href":"https:\/\/www.lesmierz.edu.pl\/index.php?rest_route=\/wp\/v2\/types\/page"}],"author":[{"embeddable":true,"href":"https:\/\/www.lesmierz.edu.pl\/index.php?rest_route=\/wp\/v2\/users\/1"}],"replies":[{"embeddable":true,"href":"https:\/\/www.lesmierz.edu.pl\/index.php?rest_route=%2Fwp%2Fv2%2Fcomments&post=18482"}],"version-history":[{"count":28,"href":"https:\/\/www.lesmierz.edu.pl\/index.php?rest_route=\/wp\/v2\/pages\/18482\/revisions"}],"predecessor-version":[{"id":21956,"href":"https:\/\/www.lesmierz.edu.pl\/index.php?rest_route=\/wp\/v2\/pages\/18482\/revisions\/21956"}],"wp:featuredmedia":[{"embeddable":true,"href":"https:\/\/www.lesmierz.edu.pl\/index.php?rest_route=\/wp\/v2\/media\/18492"}],"wp:attachment":[{"href":"https:\/\/www.lesmierz.edu.pl\/index.php?rest_route=%2Fwp%2Fv2%2Fmedia&parent=18482"}],"curies":[{"name":"wp","href":"https:\/\/api.w.org\/{rel}","templated":true}]}}